{"id":740,"date":"2025-11-13T17:44:54","date_gmt":"2025-11-13T16:44:54","guid":{"rendered":"https:\/\/agenceathena.fr\/?page_id=740"},"modified":"2025-11-19T09:21:00","modified_gmt":"2025-11-19T08:21:00","slug":"nos-prestations","status":"publish","type":"page","link":"https:\/\/agenceathena.fr\/?page_id=740","title":{"rendered":"Nos prestations"},"content":{"rendered":"\n<div class=\"wp-block-cover aligncenter\" style=\"min-height:236px;aspect-ratio:unset;\"><img loading=\"lazy\" decoding=\"async\" width=\"736\" height=\"414\" class=\"wp-block-cover__image-background wp-image-828\" alt=\"\" src=\"https:\/\/agenceathena.fr\/wp-content\/uploads\/2025\/11\/Camera-Canon-Super-Camera-edited-1.jpeg\" data-object-fit=\"cover\" srcset=\"https:\/\/agenceathena.fr\/wp-content\/uploads\/2025\/11\/Camera-Canon-Super-Camera-edited-1.jpeg 736w, https:\/\/agenceathena.fr\/wp-content\/uploads\/2025\/11\/Camera-Canon-Super-Camera-edited-1-300x169.jpeg 300w\" sizes=\"auto, (max-width: 736px) 100vw, 736px\" \/><span aria-hidden=\"true\" class=\"wp-block-cover__background has-background-dim\"><\/span><div class=\"wp-block-cover__inner-container is-layout-flow wp-block-cover-is-layout-flow\">\n<p class=\"has-text-align-center has-large-font-size\"><strong><em>PHOTOGRAPHIE<\/em><\/strong><\/p>\n\n\n\n<details class=\"wp-block-details has-custom-color-4-color has-text-color has-link-color has-medium-font-size wp-elements-6dc2ac02fe95ed8cc1ad649f3e09bf47 is-layout-flow wp-block-details-is-layout-flow\"><summary><strong>Professionnels<\/strong><\/summary>\n<p>Shooting produit et mise en sc\u00e8ne<\/p>\n\n\n\n<p>Retouche photo professionnelle<\/p>\n\n\n\n<p>Photographie cr\u00e9ative et corporate<\/p>\n<\/details>\n\n\n\n<details class=\"wp-block-details is-layout-flow wp-block-details-is-layout-flow\"><summary><strong>Particuliers<\/strong><\/summary>\n<p>Mariage &amp; fian\u00e7ailles<\/p>\n\n\n\n<p>Anniversaire &amp; f\u00eates priv\u00e9es<\/p>\n\n\n\n<p>Shooting photo individuel, couple, groupe, animaux&#8230;<\/p>\n<\/details>\n<\/div><\/div>\n\n\n\n<div class=\"wp-block-cover\" style=\"min-height:209px;aspect-ratio:unset;\"><img loading=\"lazy\" decoding=\"async\" width=\"736\" height=\"414\" class=\"wp-block-cover__image-background wp-image-831\" alt=\"\" src=\"https:\/\/agenceathena.fr\/wp-content\/uploads\/2025\/11\/WhatsApp-Image-2025-11-06-a-15.49.49_2975c077-2-edited-1.jpg\" data-object-fit=\"cover\" srcset=\"https:\/\/agenceathena.fr\/wp-content\/uploads\/2025\/11\/WhatsApp-Image-2025-11-06-a-15.49.49_2975c077-2-edited-1.jpg 736w, https:\/\/agenceathena.fr\/wp-content\/uploads\/2025\/11\/WhatsApp-Image-2025-11-06-a-15.49.49_2975c077-2-edited-1-300x169.jpg 300w\" sizes=\"auto, (max-width: 736px) 100vw, 736px\" \/><span aria-hidden=\"true\" class=\"wp-block-cover__background has-background-dim\"><\/span><div class=\"wp-block-cover__inner-container is-layout-flow wp-block-cover-is-layout-flow\">\n<p class=\"has-text-align-center has-large-font-size\"><strong><em>DESIGN<\/em><\/strong><\/p>\n\n\n\n<details class=\"wp-block-details has-custom-color-4-color has-text-color has-link-color has-medium-font-size wp-elements-51b9c2c5304922fac8e6634e58f69638 is-layout-flow wp-block-details-is-layout-flow\"><summary><strong>Professionnels<\/strong><\/summary>\n<p>Cr\u00e9ation de logos<\/p>\n\n\n\n<p>Flyer et support imprim\u00e9<\/p>\n\n\n\n<p>Carte de visite<\/p>\n\n\n\n<p>Design graphique<\/p>\n<\/details>\n\n\n\n<details class=\"wp-block-details is-layout-flow wp-block-details-is-layout-flow\"><summary><strong>Particuliers<\/strong><\/summary>\n<p>Flyer personnalis\u00e9 pour vos \u00e9v\u00e8nements<\/p>\n\n\n\n<p>Affiche cr\u00e9ative sur-mesure<\/p>\n\n\n\n<p>Retouches photo ( Style adapt\u00e9 \u00e0 vos envies)<\/p>\n\n\n\n<p>Impression photo sur place<\/p>\n<\/details>\n<\/div><\/div>\n\n\n\n<div class=\"wp-block-cover\" style=\"min-height:217px;aspect-ratio:unset;\"><img loading=\"lazy\" decoding=\"async\" width=\"736\" height=\"414\" class=\"wp-block-cover__image-background wp-image-832\" alt=\"\" src=\"https:\/\/agenceathena.fr\/wp-content\/uploads\/2025\/11\/WhatsApp-Image-2025-11-06-a-15.59.57_32d4736f-edited-1.jpg\" data-object-fit=\"cover\" srcset=\"https:\/\/agenceathena.fr\/wp-content\/uploads\/2025\/11\/WhatsApp-Image-2025-11-06-a-15.59.57_32d4736f-edited-1.jpg 736w, https:\/\/agenceathena.fr\/wp-content\/uploads\/2025\/11\/WhatsApp-Image-2025-11-06-a-15.59.57_32d4736f-edited-1-300x169.jpg 300w\" sizes=\"auto, (max-width: 736px) 100vw, 736px\" \/><span aria-hidden=\"true\" class=\"wp-block-cover__background has-background-dim\"><\/span><div class=\"wp-block-cover__inner-container is-layout-flow wp-block-cover-is-layout-flow\">\n<p class=\"has-text-align-center has-large-font-size\"><em><strong>COMMUNICATION &amp; MARKETING DIGITAL<\/strong><\/em><\/p>\n\n\n\n<details class=\"wp-block-details has-custom-color-4-color has-text-color has-link-color has-medium-font-size wp-elements-05fad5c8f417a4d6efacf460afd0c8a9 is-layout-flow wp-block-details-is-layout-flow\"><summary><strong>Professionnels<\/strong><\/summary>\n<p>Cr\u00e9ation de contenu sur mesure<\/p>\n\n\n\n<p>Gestion et animation des r\u00e9seaux sociaux<\/p>\n\n\n\n<p>Publicit\u00e9 en ligne et marketing digital<\/p>\n\n\n\n<p>Optimisation et algorithmes de recherche<\/p>\n<\/details>\n\n\n\n<details class=\"wp-block-details is-layout-flow wp-block-details-is-layout-flow\"><summary><strong>Particuliers<\/strong><\/summary>\n<p>Nos services de communication et de marketing peuvent \u00eatre propos\u00e9s aux particuliers, sur \u00e9tude et demande pr\u00e9alable.<\/p>\n<\/details>\n<\/div><\/div>\n\n\n\n<p><\/p>\n\n\n\n<p><\/p>\n","protected":false},"excerpt":{"rendered":"","protected":false},"author":1,"featured_media":0,"parent":0,"menu_order":0,"comment_status":"closed","ping_status":"closed","template":"","meta":{"footnotes":""},"class_list":["post-740","page","type-page","status-publish","hentry"],"_links":{"self":[{"href":"https:\/\/agenceathena.fr\/index.php?rest_route=\/wp\/v2\/pages\/740","targetHints":{"allow":["GET"]}}],"collection":[{"href":"https:\/\/agenceathena.fr\/index.php?rest_route=\/wp\/v2\/pages"}],"about":[{"href":"https:\/\/agenceathena.fr\/index.php?rest_route=\/wp\/v2\/types\/page"}],"author":[{"embeddable":true,"href":"https:\/\/agenceathena.fr\/index.php?rest_route=\/wp\/v2\/users\/1"}],"replies":[{"embeddable":true,"href":"https:\/\/agenceathena.fr\/index.php?rest_route=%2Fwp%2Fv2%2Fcomments&post=740"}],"version-history":[{"count":8,"href":"https:\/\/agenceathena.fr\/index.php?rest_route=\/wp\/v2\/pages\/740\/revisions"}],"predecessor-version":[{"id":833,"href":"https:\/\/agenceathena.fr\/index.php?rest_route=\/wp\/v2\/pages\/740\/revisions\/833"}],"wp:attachment":[{"href":"https:\/\/agenceathena.fr\/index.php?rest_route=%2Fwp%2Fv2%2Fmedia&parent=740"}],"curies":[{"name":"wp","href":"https:\/\/api.w.org\/{rel}","templated":true}]}}